{"id":6906,"date":"2023-06-01T09:59:44","date_gmt":"2023-06-01T07:59:44","guid":{"rendered":"https:\/\/letrusque.com\/?page_id=6906"},"modified":"2023-07-11T17:38:53","modified_gmt":"2023-07-11T15:38:53","slug":"letrusque-contact","status":"publish","type":"page","link":"https:\/\/letrusque.com\/en\/letrusque-contact\/","title":{"rendered":"L&#8217;\u00c9trusque &#8211; Contact"},"content":{"rendered":"\t\t<div data-elementor-type=\"wp-page\" data-elementor-id=\"6906\" class=\"elementor elementor-6906\" data-elementor-post-type=\"page\">\n\t\t\t\t<div class=\"elementor-element elementor-element-91e56f7 e-flex e-con-boxed e-con e-parent\" data-id=\"91e56f7\" data-element_type=\"container\" data-e-type=\"container\">\n\t\t\t\t\t<div class=\"e-con-inner\">\n\t\t<div class=\"elementor-element elementor-element-c117e96 e-con-full e-flex e-con e-child\" data-id=\"c117e96\" data-element_type=\"container\" data-e-type=\"container\">\n\t\t\t\t<div class=\"elementor-element elementor-element-ab304ff elementor-widget elementor-widget-heading\" data-id=\"ab304ff\" data-element_type=\"widget\" data-e-type=\"widget\" data-widget_type=\"heading.default\">\n\t\t\t\t<div class=\"elementor-widget-container\">\n\t\t\t\t\t<h1 class=\"elementor-heading-title elementor-size-default\">L'\u00c9trusque<\/h1>\t\t\t\t<\/div>\n\t\t\t\t<\/div>\n\t\t\t\t<div class=\"elementor-element elementor-element-935305f main-subtitle elementor-widget elementor-widget-heading\" data-id=\"935305f\" data-element_type=\"widget\" data-e-type=\"widget\" data-widget_type=\"heading.default\">\n\t\t\t\t<div class=\"elementor-widget-container\">\n\t\t\t\t\t<h2 class=\"elementor-heading-title elementor-size-default\">Contact<\/h2>\t\t\t\t<\/div>\n\t\t\t\t<\/div>\n\t\t\t\t<\/div>\n\t\t\t\t\t<\/div>\n\t\t\t\t<\/div>\n\t\t<div class=\"elementor-element elementor-element-e07099b e-flex e-con-boxed e-con e-parent\" data-id=\"e07099b\" data-element_type=\"container\" data-e-type=\"container\" data-settings=\"{&quot;background_background&quot;:&quot;classic&quot;,&quot;background_motion_fx_motion_fx_scrolling&quot;:&quot;yes&quot;,&quot;background_motion_fx_translateY_effect&quot;:&quot;yes&quot;,&quot;background_motion_fx_devices&quot;:[&quot;desktop&quot;,&quot;tablet&quot;,&quot;mobile&quot;],&quot;background_motion_fx_translateY_speed&quot;:{&quot;unit&quot;:&quot;px&quot;,&quot;size&quot;:4,&quot;sizes&quot;:[]},&quot;background_motion_fx_translateY_affectedRange&quot;:{&quot;unit&quot;:&quot;%&quot;,&quot;size&quot;:&quot;&quot;,&quot;sizes&quot;:{&quot;start&quot;:0,&quot;end&quot;:100}}}\">\n\t\t\t\t\t<div class=\"e-con-inner\">\n\t\t\t\t<div class=\"elementor-element elementor-element-7aea85c elementor-button-align-stretch elementor-widget elementor-widget-form\" data-id=\"7aea85c\" data-element_type=\"widget\" data-e-type=\"widget\" data-settings=\"{&quot;step_next_label&quot;:&quot;Next&quot;,&quot;step_previous_label&quot;:&quot;Previous&quot;,&quot;button_width&quot;:&quot;100&quot;,&quot;step_type&quot;:&quot;number_text&quot;,&quot;step_icon_shape&quot;:&quot;circle&quot;}\" data-widget_type=\"form.default\">\n\t\t\t\t<div class=\"elementor-widget-container\">\n\t\t\t\t\t\t\t<form class=\"elementor-form\" method=\"post\" name=\"contact-form\" aria-label=\"contact-form\">\n\t\t\t<input type=\"hidden\" name=\"post_id\" value=\"6906\"\/>\n\t\t\t<input type=\"hidden\" name=\"form_id\" value=\"7aea85c\"\/>\n\t\t\t<input type=\"hidden\" name=\"referer_title\" value=\"L&#039;\u00c9trusque - Contact - L&#039;\u00c9trusque\" \/>\n\n\t\t\t\t\t\t\t<input type=\"hidden\" name=\"queried_id\" value=\"6906\"\/>\n\t\t\t\n\t\t\t<div class=\"elementor-form-fields-wrapper elementor-labels-above\">\n\t\t\t\t\t\t\t\t<div class=\"elementor-field-type-text elementor-field-group elementor-column elementor-field-group-nom elementor-col-100 elementor-field-required elementor-mark-required\">\n\t\t\t\t\t\t\t\t\t\t\t\t<label for=\"form-field-nom\" class=\"elementor-field-label\">\n\t\t\t\t\t\t\t\tName\t\t\t\t\t\t\t<\/label>\n\t\t\t\t\t\t\t\t\t\t\t\t\t\t<input size=\"1\" type=\"text\" name=\"form_fields[nom]\" id=\"form-field-nom\" class=\"elementor-field elementor-size-sm  elementor-field-textual\" placeholder=\"Name\" required=\"required\">\n\t\t\t\t\t\t\t\t\t\t\t<\/div>\n\t\t\t\t\t\t\t\t<div class=\"elementor-field-type-text elementor-field-group elementor-column elementor-field-group-prenom elementor-col-100\">\n\t\t\t\t\t\t\t\t\t\t\t\t<label for=\"form-field-prenom\" class=\"elementor-field-label\">\n\t\t\t\t\t\t\t\tFirst name\t\t\t\t\t\t\t<\/label>\n\t\t\t\t\t\t\t\t\t\t\t\t\t\t<input size=\"1\" type=\"text\" name=\"form_fields[prenom]\" id=\"form-field-prenom\" class=\"elementor-field elementor-size-sm  elementor-field-textual\" placeholder=\"First name\">\n\t\t\t\t\t\t\t\t\t\t\t<\/div>\n\t\t\t\t\t\t\t\t<div class=\"elementor-field-type-text elementor-field-group elementor-column elementor-field-group-societe elementor-col-100 elementor-field-required elementor-mark-required\">\n\t\t\t\t\t\t\t\t\t\t\t\t<label for=\"form-field-societe\" class=\"elementor-field-label\">\n\t\t\t\t\t\t\t\tCompany\t\t\t\t\t\t\t<\/label>\n\t\t\t\t\t\t\t\t\t\t\t\t\t\t<input size=\"1\" type=\"text\" name=\"form_fields[societe]\" id=\"form-field-societe\" class=\"elementor-field elementor-size-sm  elementor-field-textual\" placeholder=\"Company\" required=\"required\">\n\t\t\t\t\t\t\t\t\t\t\t<\/div>\n\t\t\t\t\t\t\t\t<div class=\"elementor-field-type-email elementor-field-group elementor-column elementor-field-group-email elementor-col-100 elementor-field-required elementor-mark-required\">\n\t\t\t\t\t\t\t\t\t\t\t\t<label for=\"form-field-email\" class=\"elementor-field-label\">\n\t\t\t\t\t\t\t\tEmail\t\t\t\t\t\t\t<\/label>\n\t\t\t\t\t\t\t\t\t\t\t\t\t\t<input size=\"1\" type=\"email\" name=\"form_fields[email]\" id=\"form-field-email\" class=\"elementor-field elementor-size-sm  elementor-field-textual\" placeholder=\"Email\" required=\"required\">\n\t\t\t\t\t\t\t\t\t\t\t<\/div>\n\t\t\t\t\t\t\t\t<div class=\"elementor-field-type-tel elementor-field-group elementor-column elementor-field-group-telephone elementor-col-100\">\n\t\t\t\t\t\t\t\t\t\t\t\t<label for=\"form-field-telephone\" class=\"elementor-field-label\">\n\t\t\t\t\t\t\t\tPhone\t\t\t\t\t\t\t<\/label>\n\t\t\t\t\t\t\t\t<input size=\"1\" type=\"tel\" name=\"form_fields[telephone]\" id=\"form-field-telephone\" class=\"elementor-field elementor-size-sm  elementor-field-textual\" placeholder=\"Phone\" pattern=\"[0-9()#&amp;+*-=.]+\" title=\"Only numbers and phone characters (#, -, *, etc) are accepted.\">\n\n\t\t\t\t\t\t<\/div>\n\t\t\t\t\t\t\t\t<div class=\"elementor-field-type-select elementor-field-group elementor-column elementor-field-group-activite elementor-col-100 elementor-field-required elementor-mark-required\">\n\t\t\t\t\t\t\t\t\t\t\t\t<label for=\"form-field-activite\" class=\"elementor-field-label\">\n\t\t\t\t\t\t\t\tActivity sector\t\t\t\t\t\t\t<\/label>\n\t\t\t\t\t\t\t\t<div class=\"elementor-field elementor-select-wrapper remove-before \">\n\t\t\t<div class=\"select-caret-down-wrapper\">\n\t\t\t\t<i aria-hidden=\"true\" class=\"eicon-caret-down\"><\/i>\t\t\t<\/div>\n\t\t\t<select name=\"form_fields[activite]\" id=\"form-field-activite\" class=\"elementor-field-textual elementor-size-sm\" required=\"required\">\n\t\t\t\t\t\t\t\t\t<option value=\"Art\">Art<\/option>\n\t\t\t\t\t\t\t\t\t<option value=\"Art of living\">Art of living<\/option>\n\t\t\t\t\t\t\t\t\t<option value=\"Culture and consumption\">Culture and consumption<\/option>\n\t\t\t\t\t\t\t\t\t<option value=\"Agriculture\">Agriculture<\/option>\n\t\t\t\t\t\t\t\t\t<option value=\"Retail\">Retail<\/option>\n\t\t\t\t\t\t\t\t\t<option value=\"Health\">Health<\/option>\n\t\t\t\t\t\t\t\t\t<option value=\"Sciences\">Sciences<\/option>\n\t\t\t\t\t\t\t\t\t<option value=\"Environment\">Environment<\/option>\n\t\t\t\t\t\t\t\t\t<option value=\"Other\u2026\">Other\u2026<\/option>\n\t\t\t\t\t\t\t<\/select>\n\t\t<\/div>\n\t\t\t\t\t\t<\/div>\n\t\t\t\t\t\t\t\t<div class=\"elementor-field-type-textarea elementor-field-group elementor-column elementor-field-group-message elementor-col-100\">\n\t\t\t\t\t\t\t\t\t\t\t\t<label for=\"form-field-message\" class=\"elementor-field-label\">\n\t\t\t\t\t\t\t\tMessage\t\t\t\t\t\t\t<\/label>\n\t\t\t\t\t\t<textarea class=\"elementor-field-textual elementor-field  elementor-size-sm\" name=\"form_fields[message]\" id=\"form-field-message\" rows=\"8\" placeholder=\"Message\"><\/textarea>\t\t\t\t<\/div>\n\t\t\t\t\t\t\t\t<div class=\"elementor-field-type-acceptance elementor-field-group elementor-column elementor-field-group-acceptance elementor-col-100 elementor-field-required elementor-mark-required\">\n\t\t\t\t\t\t\t\t\t\t\t\t<label for=\"form-field-acceptance\" class=\"elementor-field-label\">\n\t\t\t\t\t\t\t\tAcceptation\t\t\t\t\t\t\t<\/label>\n\t\t\t\t\t\t\t\t<div class=\"elementor-field-subgroup\">\n\t\t\t<span class=\"elementor-field-option\">\n\t\t\t\t<input type=\"checkbox\" name=\"form_fields[acceptance]\" id=\"form-field-acceptance\" class=\"elementor-field elementor-size-sm  elementor-acceptance-field\" required=\"required\">\n\t\t\t\t<label for=\"form-field-acceptance\">I authorize this site to store my personal data transmitted via this form. No commercial use will be made of the stored data.<a style=\"color:#fff; text-decoration:underline\" href=\"https:\/\/letrusque.com\/letrusque-politique-de-confidentialite\/\">See our privacy policy.<\/a><\/label>\t\t\t<\/span>\n\t\t<\/div>\n\t\t\t\t\t\t<\/div>\n\t\t\t\t\t\t\t\t<div class=\"elementor-field-type-recaptcha_v3 elementor-field-group elementor-column elementor-field-group-field_1c839f5 elementor-col-100 recaptcha_v3-bottomright\">\n\t\t\t\t\t<div class=\"elementor-field\" id=\"form-field-field_1c839f5\"><div class=\"elementor-g-recaptcha\" data-sitekey=\"6LdUBxUnAAAAAOnIFBqafQVjUQSAxAP__m4cvKaI\" data-type=\"v3\" data-action=\"Form\" data-badge=\"bottomright\" data-size=\"invisible\"><\/div><\/div>\t\t\t\t<\/div>\n\t\t\t\t\t\t\t\t<div class=\"elementor-field-group elementor-column elementor-field-type-submit elementor-col-100 e-form__buttons\">\n\t\t\t\t\t<button class=\"elementor-button elementor-size-sm\" type=\"submit\">\n\t\t\t\t\t\t<span class=\"elementor-button-content-wrapper\">\n\t\t\t\t\t\t\t\t\t\t\t\t\t\t\t\t\t\t\t\t\t\t<span class=\"elementor-button-text\">Envoyer<\/span>\n\t\t\t\t\t\t\t\t\t\t\t\t\t<\/span>\n\t\t\t\t\t<\/button>\n\t\t\t\t<\/div>\n\t\t\t<\/div>\n\t\t<\/form>\n\t\t\t\t\t\t<\/div>\n\t\t\t\t<\/div>\n\t\t\t\t\t<\/div>\n\t\t\t\t<\/div>\n\t\t\t\t<\/div>\n\t\t","protected":false},"excerpt":{"rendered":"<p>L&#8217;\u00c9trusque Contact<\/p>\n","protected":false},"author":3,"featured_media":0,"parent":0,"menu_order":22,"comment_status":"closed","ping_status":"closed","template":"","meta":{"footnotes":""},"class_list":["post-6906","page","type-page","status-publish","hentry"],"yoast_head":"<!-- This site is optimized with the Yoast SEO plugin v27.3 - https:\/\/yoast.com\/product\/yoast-seo-wordpress\/ -->\n<title>L&#039;\u00c9trusque - Contact - L&#039;\u00c9trusque<\/title>\n<meta name=\"robots\" content=\"index, follow, max-snippet:-1, max-image-preview:large, max-video-preview:-1\" \/>\n<link rel=\"canonical\" href=\"https:\/\/letrusque.com\/en\/letrusque-contact\/\" \/>\n<meta property=\"og:locale\" content=\"en_US\" \/>\n<meta property=\"og:type\" content=\"article\" \/>\n<meta property=\"og:title\" content=\"L&#039;\u00c9trusque - Contact - L&#039;\u00c9trusque\" \/>\n<meta property=\"og:description\" content=\"L&#8217;\u00c9trusque Contact\" \/>\n<meta property=\"og:url\" content=\"https:\/\/letrusque.com\/en\/letrusque-contact\/\" \/>\n<meta property=\"og:site_name\" content=\"L&#039;\u00c9trusque\" \/>\n<meta property=\"article:publisher\" content=\"https:\/\/www.facebook.com\/TanaquiLetrusque\/\" \/>\n<meta property=\"article:modified_time\" content=\"2023-07-11T15:38:53+00:00\" \/>\n<meta name=\"twitter:card\" content=\"summary_large_image\" \/>\n<meta name=\"twitter:site\" content=\"@Tanaquil\" \/>\n<meta name=\"twitter:label1\" content=\"Est. reading time\" \/>\n\t<meta name=\"twitter:data1\" content=\"1 minute\" \/>\n<script type=\"application\/ld+json\" class=\"yoast-schema-graph\">{\"@context\":\"https:\\\/\\\/schema.org\",\"@graph\":[{\"@type\":\"WebPage\",\"@id\":\"https:\\\/\\\/letrusque.com\\\/en\\\/letrusque-contact\\\/\",\"url\":\"https:\\\/\\\/letrusque.com\\\/en\\\/letrusque-contact\\\/\",\"name\":\"L'\u00c9trusque - Contact - L&#039;\u00c9trusque\",\"isPartOf\":{\"@id\":\"https:\\\/\\\/letrusque.com\\\/en\\\/#website\"},\"datePublished\":\"2023-06-01T07:59:44+00:00\",\"dateModified\":\"2023-07-11T15:38:53+00:00\",\"inLanguage\":\"en-US\",\"potentialAction\":[{\"@type\":\"ReadAction\",\"target\":[\"https:\\\/\\\/letrusque.com\\\/en\\\/letrusque-contact\\\/\"]}]},{\"@type\":\"WebSite\",\"@id\":\"https:\\\/\\\/letrusque.com\\\/en\\\/#website\",\"url\":\"https:\\\/\\\/letrusque.com\\\/en\\\/\",\"name\":\"L'\u00c9trusque\",\"description\":\"Conseil en Communication &amp; Relations Publics\",\"publisher\":{\"@id\":\"https:\\\/\\\/letrusque.com\\\/en\\\/#organization\"},\"potentialAction\":[{\"@type\":\"SearchAction\",\"target\":{\"@type\":\"EntryPoint\",\"urlTemplate\":\"https:\\\/\\\/letrusque.com\\\/en\\\/?s={search_term_string}\"},\"query-input\":{\"@type\":\"PropertyValueSpecification\",\"valueRequired\":true,\"valueName\":\"search_term_string\"}}],\"inLanguage\":\"en-US\"},{\"@type\":\"Organization\",\"@id\":\"https:\\\/\\\/letrusque.com\\\/en\\\/#organization\",\"name\":\"L'\u00c9trusque\",\"url\":\"https:\\\/\\\/letrusque.com\\\/en\\\/\",\"logo\":{\"@type\":\"ImageObject\",\"inLanguage\":\"en-US\",\"@id\":\"https:\\\/\\\/letrusque.com\\\/en\\\/#\\\/schema\\\/logo\\\/image\\\/\",\"url\":\"https:\\\/\\\/letrusque.com\\\/wp-content\\\/uploads\\\/logo-letrusque-seo.jpg\",\"contentUrl\":\"https:\\\/\\\/letrusque.com\\\/wp-content\\\/uploads\\\/logo-letrusque-seo.jpg\",\"width\":696,\"height\":842,\"caption\":\"L'\u00c9trusque\"},\"image\":{\"@id\":\"https:\\\/\\\/letrusque.com\\\/en\\\/#\\\/schema\\\/logo\\\/image\\\/\"},\"sameAs\":[\"https:\\\/\\\/www.facebook.com\\\/TanaquiLetrusque\\\/\",\"https:\\\/\\\/x.com\\\/Tanaquil\",\"https:\\\/\\\/www.instagram.com\\\/tanaquil.papertian\\\/?hl=fr\",\"https:\\\/\\\/www.linkedin.com\\\/in\\\/tanaquilpapertian\\\/\",\"https:\\\/\\\/www.pinterest.fr\\\/tanaquilp\\\/\"]}]}<\/script>\n<!-- \/ Yoast SEO plugin. -->","yoast_head_json":{"title":"L'\u00c9trusque - Contact - L&#039;\u00c9trusque","robots":{"index":"index","follow":"follow","max-snippet":"max-snippet:-1","max-image-preview":"max-image-preview:large","max-video-preview":"max-video-preview:-1"},"canonical":"https:\/\/letrusque.com\/en\/letrusque-contact\/","og_locale":"en_US","og_type":"article","og_title":"L'\u00c9trusque - Contact - L&#039;\u00c9trusque","og_description":"L&#8217;\u00c9trusque Contact","og_url":"https:\/\/letrusque.com\/en\/letrusque-contact\/","og_site_name":"L&#039;\u00c9trusque","article_publisher":"https:\/\/www.facebook.com\/TanaquiLetrusque\/","article_modified_time":"2023-07-11T15:38:53+00:00","twitter_card":"summary_large_image","twitter_site":"@Tanaquil","twitter_misc":{"Est. reading time":"1 minute"},"schema":{"@context":"https:\/\/schema.org","@graph":[{"@type":"WebPage","@id":"https:\/\/letrusque.com\/en\/letrusque-contact\/","url":"https:\/\/letrusque.com\/en\/letrusque-contact\/","name":"L'\u00c9trusque - Contact - L&#039;\u00c9trusque","isPartOf":{"@id":"https:\/\/letrusque.com\/en\/#website"},"datePublished":"2023-06-01T07:59:44+00:00","dateModified":"2023-07-11T15:38:53+00:00","inLanguage":"en-US","potentialAction":[{"@type":"ReadAction","target":["https:\/\/letrusque.com\/en\/letrusque-contact\/"]}]},{"@type":"WebSite","@id":"https:\/\/letrusque.com\/en\/#website","url":"https:\/\/letrusque.com\/en\/","name":"L'\u00c9trusque","description":"Conseil en Communication &amp; Relations Publics","publisher":{"@id":"https:\/\/letrusque.com\/en\/#organization"},"potentialAction":[{"@type":"SearchAction","target":{"@type":"EntryPoint","urlTemplate":"https:\/\/letrusque.com\/en\/?s={search_term_string}"},"query-input":{"@type":"PropertyValueSpecification","valueRequired":true,"valueName":"search_term_string"}}],"inLanguage":"en-US"},{"@type":"Organization","@id":"https:\/\/letrusque.com\/en\/#organization","name":"L'\u00c9trusque","url":"https:\/\/letrusque.com\/en\/","logo":{"@type":"ImageObject","inLanguage":"en-US","@id":"https:\/\/letrusque.com\/en\/#\/schema\/logo\/image\/","url":"https:\/\/letrusque.com\/wp-content\/uploads\/logo-letrusque-seo.jpg","contentUrl":"https:\/\/letrusque.com\/wp-content\/uploads\/logo-letrusque-seo.jpg","width":696,"height":842,"caption":"L'\u00c9trusque"},"image":{"@id":"https:\/\/letrusque.com\/en\/#\/schema\/logo\/image\/"},"sameAs":["https:\/\/www.facebook.com\/TanaquiLetrusque\/","https:\/\/x.com\/Tanaquil","https:\/\/www.instagram.com\/tanaquil.papertian\/?hl=fr","https:\/\/www.linkedin.com\/in\/tanaquilpapertian\/","https:\/\/www.pinterest.fr\/tanaquilp\/"]}]}},"_links":{"self":[{"href":"https:\/\/letrusque.com\/en\/wp-json\/wp\/v2\/pages\/6906","targetHints":{"allow":["GET"]}}],"collection":[{"href":"https:\/\/letrusque.com\/en\/wp-json\/wp\/v2\/pages"}],"about":[{"href":"https:\/\/letrusque.com\/en\/wp-json\/wp\/v2\/types\/page"}],"author":[{"embeddable":true,"href":"https:\/\/letrusque.com\/en\/wp-json\/wp\/v2\/users\/3"}],"replies":[{"embeddable":true,"href":"https:\/\/letrusque.com\/en\/wp-json\/wp\/v2\/comments?post=6906"}],"version-history":[{"count":3,"href":"https:\/\/letrusque.com\/en\/wp-json\/wp\/v2\/pages\/6906\/revisions"}],"predecessor-version":[{"id":8622,"href":"https:\/\/letrusque.com\/en\/wp-json\/wp\/v2\/pages\/6906\/revisions\/8622"}],"wp:attachment":[{"href":"https:\/\/letrusque.com\/en\/wp-json\/wp\/v2\/media?parent=6906"}],"curies":[{"name":"wp","href":"https:\/\/api.w.org\/{rel}","templated":true}]}}