{"id":4631,"date":"2023-05-24T14:12:50","date_gmt":"2023-05-24T12:12:50","guid":{"rendered":"https:\/\/letrusque.com\/?page_id=4631"},"modified":"2026-02-03T17:42:46","modified_gmt":"2026-02-03T16:42:46","slug":"letrusque-supporting-sme-mid-cap-companies","status":"publish","type":"page","link":"https:\/\/letrusque.com\/en\/letrusque-supporting-sme-mid-cap-companies\/","title":{"rendered":"L&#8217;\u00c9trusque supporting SME &#038; Mid-Cap companies"},"content":{"rendered":"\t\t<div data-elementor-type=\"wp-page\" data-elementor-id=\"4631\" class=\"elementor elementor-4631\" data-elementor-post-type=\"page\">\n\t\t\t\t<div class=\"elementor-element elementor-element-b5ea0d6 e-flex e-con-boxed e-con e-parent\" data-id=\"b5ea0d6\" data-element_type=\"container\" data-e-type=\"container\">\n\t\t\t\t\t<div class=\"e-con-inner\">\n\t\t<div class=\"elementor-element elementor-element-f3e903b e-con-full e-flex e-con e-child\" data-id=\"f3e903b\" data-element_type=\"container\" data-e-type=\"container\">\n\t\t\t\t<div class=\"elementor-element elementor-element-c5073d0 elementor-widget elementor-widget-heading\" data-id=\"c5073d0\" data-element_type=\"widget\" data-e-type=\"widget\" data-widget_type=\"heading.default\">\n\t\t\t\t<div class=\"elementor-widget-container\">\n\t\t\t\t\t<h1 class=\"elementor-heading-title elementor-size-default\">L'\u00c9trusque<\/h1>\t\t\t\t<\/div>\n\t\t\t\t<\/div>\n\t\t\t\t<div class=\"elementor-element elementor-element-bc24db1 main-subtitle elementor-widget elementor-widget-heading\" data-id=\"bc24db1\" data-element_type=\"widget\" data-e-type=\"widget\" data-widget_type=\"heading.default\">\n\t\t\t\t<div class=\"elementor-widget-container\">\n\t\t\t\t\t<h2 class=\"elementor-heading-title elementor-size-default\">Supporting SME &amp; Mid-Cap companies<\/h2>\t\t\t\t<\/div>\n\t\t\t\t<\/div>\n\t\t\t\t<div class=\"elementor-element elementor-element-3561849 elementor-widget elementor-widget-heading\" data-id=\"3561849\" data-element_type=\"widget\" data-e-type=\"widget\" data-widget_type=\"heading.default\">\n\t\t\t\t<div class=\"elementor-widget-container\">\n\t\t\t\t\t<h3 class=\"elementor-heading-title elementor-size-large\">The reputation of SME and Mid-Cap companies is our priority!<\/h3>\t\t\t\t<\/div>\n\t\t\t\t<\/div>\n\t\t\t\t<div class=\"elementor-element elementor-element-6233c3d elementor-widget elementor-widget-text-editor\" data-id=\"6233c3d\" data-element_type=\"widget\" data-e-type=\"widget\" data-widget_type=\"text-editor.default\">\n\t\t\t\t<div class=\"elementor-widget-container\">\n\t\t\t\t\t\t\t\t\t<p>A committed entrepreneur after 30 years with major groups, Tanaquil designed &#8220;L&#8217;\u00c9TRUSQUE&#8221;, a Communication Consultancy company, to :<\/p><p>1. Help your companies (SME, Mid-Cap companies, Family Business, Associations, etc.) in its Brand and (e-)Reputation issues with its target audiences and work to build a tailored communication image: timely pacing, creating brand notoriety, and driving business.<\/p><p>2. Serving Major Causes: Culture, Health, Disability, etc.\u00a0<\/p><p>3. Developing interaction between Art &amp; Brands<\/p>\t\t\t\t\t\t\t\t<\/div>\n\t\t\t\t<\/div>\n\t\t\t\t<\/div>\n\t\t\t\t\t<\/div>\n\t\t\t\t<\/div>\n\t\t<div class=\"elementor-element elementor-element-f1b4235 e-flex e-con-boxed e-con e-parent\" data-id=\"f1b4235\" data-element_type=\"container\" data-e-type=\"container\" data-settings=\"{&quot;background_background&quot;:&quot;classic&quot;}\">\n\t\t\t\t\t<div class=\"e-con-inner\">\n\t\t\t\t<div class=\"elementor-element elementor-element-860f076 elementor-widget elementor-widget-heading\" data-id=\"860f076\" data-element_type=\"widget\" data-e-type=\"widget\" data-widget_type=\"heading.default\">\n\t\t\t\t<div class=\"elementor-widget-container\">\n\t\t\t\t\t<h3 class=\"elementor-heading-title elementor-size-large\">Tanaquil Papertian's career<\/h3>\t\t\t\t<\/div>\n\t\t\t\t<\/div>\n\t\t\t\t\t<\/div>\n\t\t\t\t<\/div>\n\t\t<div class=\"elementor-element elementor-element-ccc6561 e-flex e-con-boxed e-con e-parent\" data-id=\"ccc6561\" data-element_type=\"container\" data-e-type=\"container\" data-settings=\"{&quot;background_background&quot;:&quot;classic&quot;}\">\n\t\t\t\t\t<div class=\"e-con-inner\">\n\t\t<div class=\"elementor-element elementor-element-300311b e-con-full e-flex e-con e-child\" data-id=\"300311b\" data-element_type=\"container\" data-e-type=\"container\">\n\t\t\t\t<div class=\"elementor-element elementor-element-dc80d8d elementor-widget elementor-widget-image\" data-id=\"dc80d8d\" data-element_type=\"widget\" data-e-type=\"widget\" data-widget_type=\"image.default\">\n\t\t\t\t<div class=\"elementor-widget-container\">\n\t\t\t\t\t\t\t\t\t\t\t\t\t\t\t<img fetchpriority=\"high\" decoding=\"async\" width=\"800\" height=\"670\" src=\"https:\/\/letrusque.com\/wp-content\/uploads\/tanaquil-papertian.jpg\" class=\"attachment-large size-large wp-image-4537\" alt=\"Tanaquil Papertian\" srcset=\"https:\/\/letrusque.com\/wp-content\/uploads\/tanaquil-papertian.jpg 800w, https:\/\/letrusque.com\/wp-content\/uploads\/tanaquil-papertian-300x251.jpg 300w, https:\/\/letrusque.com\/wp-content\/uploads\/tanaquil-papertian-768x643.jpg 768w\" sizes=\"(max-width: 800px) 100vw, 800px\" \/>\t\t\t\t\t\t\t\t\t\t\t\t\t\t\t<\/div>\n\t\t\t\t<\/div>\n\t\t\t\t<\/div>\n\t\t<div class=\"elementor-element elementor-element-d889164 e-con-full e-flex e-con e-child\" data-id=\"d889164\" data-element_type=\"container\" data-e-type=\"container\">\n\t\t\t\t<div class=\"elementor-element elementor-element-910e6b5 elementor-widget elementor-widget-text-editor\" data-id=\"910e6b5\" data-element_type=\"widget\" data-e-type=\"widget\" data-widget_type=\"text-editor.default\">\n\t\t\t\t<div class=\"elementor-widget-container\">\n\t\t\t\t\t\t\t\t\t<p>Over <span class=\"emphase\">25 years of experience<\/span> in Communication &amp; Public Relations and 30 years in the artistic sector.<br \/>Before being <span class=\"emphase\">Senior Vice President, Brand &amp; Lifestyle Director<\/span> at Omnicom Public Relations Group, she was Account Director at Burson-Marsteller i&amp;e &#8211; now Burson &#8211; where she supervised programs for French and international clients, B2B and B2C, in various fields such as Healthcare, Art, Culture, Technology, Retail and Food, Environment, Education and Children, Real Estate or the Public Sector.<br \/>Her skills include assistance of <span class=\"emphase\">business leaders in the media performance &#8211; with organization of training sessions \/ media-trainings &#8211; as well as their positioning in high level media\/publications.<\/span> She was the personal Press Officer to Michel-Edouard Leclerc, President of the Centres E. Leclerc, a leader in the distribution sector in France.<\/p><p>In 2019, she founded L&#8217;\u00c9TRUSQUE, Conseil en Communication &amp; Relations Publics, with offices in PARIS &amp; NORMANDY. Tanaquil serves as Ambassador, Partner and Godmother of the Normandy Region, via <a href=\"https:\/\/www.choosenormandy.com\/\">Normandie Attractivit\u00e9<\/a> and is member of the <a href=\"https:\/\/www.femmesetchallenges.fr\/\">Femmes &amp; Challenges<\/a> network, an initiative of the <a href=\"https:\/\/www.normandie.cci.fr\/\">Normandy CCI<\/a> (chambers of commerce).\u00a0<\/p>\t\t\t\t\t\t\t\t<\/div>\n\t\t\t\t<\/div>\n\t\t\t\t<\/div>\n\t\t\t\t\t<\/div>\n\t\t\t\t<\/div>\n\t\t<div class=\"elementor-element elementor-element-3085411 e-flex e-con-boxed e-con e-parent\" data-id=\"3085411\" data-element_type=\"container\" data-e-type=\"container\">\n\t\t\t\t\t<div class=\"e-con-inner\">\n\t\t\t\t<div class=\"elementor-element elementor-element-d5f8d76 elementor-widget elementor-widget-text-editor\" data-id=\"d5f8d76\" data-element_type=\"widget\" data-e-type=\"widget\" data-widget_type=\"text-editor.default\">\n\t\t\t\t<div class=\"elementor-widget-container\">\n\t\t\t\t\t\t\t\t\t<p>Her variegated profile encompasses <span class=\"emphase\">extensive experience in the Art and Culture sector<\/span>, for clients such as the Maeght Foundation and the Maillol Museum-Dina Vierny Foundation or the La Ruche-Seydoux Foundation. She formerly was Communication Manager at Beaux Arts Magazine, the leading art magazine in France (Flammarion Editions \/ Flammarion Press).<br>\nTanaquil holds a Master&#8217;s degree in Business Law (University of Paris 11 Paris-Sud Sceaux) and a Bachelor\u2019s degree in History of Art (\u00c9cole du Louvre).<\/p>\t\t\t\t\t\t\t\t<\/div>\n\t\t\t\t<\/div>\n\t\t\t\t\t<\/div>\n\t\t\t\t<\/div>\n\t\t\t\t<\/div>\n\t\t","protected":false},"excerpt":{"rendered":"<p>L&#8217;\u00c9trusque Supporting SME &amp; Mid-Cap companies The reputation of SME and Mid-Cap companies is our priority! A committed entrepreneur after 30 years with major groups, Tanaquil designed &#8220;L&#8217;\u00c9TRUSQUE&#8221;, a Communication Consultancy company, to : 1. Help your companies (SME, Mid-Cap companies, Family Business, Associations, etc.) in its Brand and (e-)Reputation issues with its target audiences [&hellip;]<\/p>\n","protected":false},"author":3,"featured_media":0,"parent":0,"menu_order":9,"comment_status":"closed","ping_status":"closed","template":"","meta":{"footnotes":""},"class_list":["post-4631","page","type-page","status-publish","hentry"],"yoast_head":"<!-- This site is optimized with the Yoast SEO plugin v27.4 - https:\/\/yoast.com\/product\/yoast-seo-wordpress\/ -->\n<title>L&#039;\u00c9trusque supporting SME &amp; Mid-Cap companies - L&#039;\u00c9trusque<\/title>\n<meta name=\"description\" content=\"Tanaquil created L&#039;\u00c9TRUSQUE to support companies (SMEs, ETIs, Family Businesses, etc.) in their branding and (e)-reputation challenges.\" \/>\n<meta name=\"robots\" content=\"index, follow, max-snippet:-1, max-image-preview:large, max-video-preview:-1\" \/>\n<link rel=\"canonical\" href=\"https:\/\/letrusque.com\/en\/letrusque-supporting-sme-mid-cap-companies\/\" \/>\n<meta property=\"og:locale\" content=\"en_US\" \/>\n<meta property=\"og:type\" content=\"article\" \/>\n<meta property=\"og:title\" content=\"L&#039;\u00c9trusque supporting SME &amp; Mid-Cap companies - L&#039;\u00c9trusque\" \/>\n<meta property=\"og:description\" content=\"Tanaquil created L&#039;\u00c9TRUSQUE to support companies (SMEs, ETIs, Family Businesses, etc.) in their branding and (e)-reputation challenges.\" \/>\n<meta property=\"og:url\" content=\"https:\/\/letrusque.com\/en\/letrusque-supporting-sme-mid-cap-companies\/\" \/>\n<meta property=\"og:site_name\" content=\"L&#039;\u00c9trusque\" \/>\n<meta property=\"article:publisher\" content=\"https:\/\/www.facebook.com\/TanaquiLetrusque\/\" \/>\n<meta property=\"article:modified_time\" content=\"2026-02-03T16:42:46+00:00\" \/>\n<meta property=\"og:image\" content=\"https:\/\/letrusque.com\/wp-content\/uploads\/tanaquil-papertian.jpg\" \/>\n\t<meta property=\"og:image:width\" content=\"800\" \/>\n\t<meta property=\"og:image:height\" content=\"670\" \/>\n\t<meta property=\"og:image:type\" content=\"image\/jpeg\" \/>\n<meta name=\"twitter:card\" content=\"summary_large_image\" \/>\n<meta name=\"twitter:site\" content=\"@Tanaquil\" \/>\n<meta name=\"twitter:label1\" content=\"Est. reading time\" \/>\n\t<meta name=\"twitter:data1\" content=\"2 minutes\" \/>\n<script type=\"application\/ld+json\" class=\"yoast-schema-graph\">{\"@context\":\"https:\\\/\\\/schema.org\",\"@graph\":[{\"@type\":\"WebPage\",\"@id\":\"https:\\\/\\\/letrusque.com\\\/en\\\/letrusque-supporting-sme-mid-cap-companies\\\/\",\"url\":\"https:\\\/\\\/letrusque.com\\\/en\\\/letrusque-supporting-sme-mid-cap-companies\\\/\",\"name\":\"L'\u00c9trusque supporting SME & Mid-Cap companies - L&#039;\u00c9trusque\",\"isPartOf\":{\"@id\":\"https:\\\/\\\/letrusque.com\\\/en\\\/#website\"},\"primaryImageOfPage\":{\"@id\":\"https:\\\/\\\/letrusque.com\\\/en\\\/letrusque-supporting-sme-mid-cap-companies\\\/#primaryimage\"},\"image\":{\"@id\":\"https:\\\/\\\/letrusque.com\\\/en\\\/letrusque-supporting-sme-mid-cap-companies\\\/#primaryimage\"},\"thumbnailUrl\":\"https:\\\/\\\/letrusque.com\\\/wp-content\\\/uploads\\\/tanaquil-papertian.jpg\",\"datePublished\":\"2023-05-24T12:12:50+00:00\",\"dateModified\":\"2026-02-03T16:42:46+00:00\",\"description\":\"Tanaquil created L'\u00c9TRUSQUE to support companies (SMEs, ETIs, Family Businesses, etc.) in their branding and (e)-reputation challenges.\",\"inLanguage\":\"en-US\",\"potentialAction\":[{\"@type\":\"ReadAction\",\"target\":[\"https:\\\/\\\/letrusque.com\\\/en\\\/letrusque-supporting-sme-mid-cap-companies\\\/\"]}]},{\"@type\":\"ImageObject\",\"inLanguage\":\"en-US\",\"@id\":\"https:\\\/\\\/letrusque.com\\\/en\\\/letrusque-supporting-sme-mid-cap-companies\\\/#primaryimage\",\"url\":\"https:\\\/\\\/letrusque.com\\\/wp-content\\\/uploads\\\/tanaquil-papertian.jpg\",\"contentUrl\":\"https:\\\/\\\/letrusque.com\\\/wp-content\\\/uploads\\\/tanaquil-papertian.jpg\"},{\"@type\":\"WebSite\",\"@id\":\"https:\\\/\\\/letrusque.com\\\/en\\\/#website\",\"url\":\"https:\\\/\\\/letrusque.com\\\/en\\\/\",\"name\":\"L'\u00c9trusque\",\"description\":\"Conseil en Communication &amp; Relations Publics\",\"publisher\":{\"@id\":\"https:\\\/\\\/letrusque.com\\\/en\\\/#organization\"},\"potentialAction\":[{\"@type\":\"SearchAction\",\"target\":{\"@type\":\"EntryPoint\",\"urlTemplate\":\"https:\\\/\\\/letrusque.com\\\/en\\\/?s={search_term_string}\"},\"query-input\":{\"@type\":\"PropertyValueSpecification\",\"valueRequired\":true,\"valueName\":\"search_term_string\"}}],\"inLanguage\":\"en-US\"},{\"@type\":\"Organization\",\"@id\":\"https:\\\/\\\/letrusque.com\\\/en\\\/#organization\",\"name\":\"L'\u00c9trusque\",\"url\":\"https:\\\/\\\/letrusque.com\\\/en\\\/\",\"logo\":{\"@type\":\"ImageObject\",\"inLanguage\":\"en-US\",\"@id\":\"https:\\\/\\\/letrusque.com\\\/en\\\/#\\\/schema\\\/logo\\\/image\\\/\",\"url\":\"https:\\\/\\\/letrusque.com\\\/wp-content\\\/uploads\\\/logo-letrusque-seo.jpg\",\"contentUrl\":\"https:\\\/\\\/letrusque.com\\\/wp-content\\\/uploads\\\/logo-letrusque-seo.jpg\",\"width\":696,\"height\":842,\"caption\":\"L'\u00c9trusque\"},\"image\":{\"@id\":\"https:\\\/\\\/letrusque.com\\\/en\\\/#\\\/schema\\\/logo\\\/image\\\/\"},\"sameAs\":[\"https:\\\/\\\/www.facebook.com\\\/TanaquiLetrusque\\\/\",\"https:\\\/\\\/x.com\\\/Tanaquil\",\"https:\\\/\\\/www.instagram.com\\\/tanaquil.papertian\\\/?hl=fr\",\"https:\\\/\\\/www.linkedin.com\\\/in\\\/tanaquilpapertian\\\/\",\"https:\\\/\\\/www.pinterest.fr\\\/tanaquilp\\\/\"]}]}<\/script>\n<!-- \/ Yoast SEO plugin. -->","yoast_head_json":{"title":"L'\u00c9trusque supporting SME & Mid-Cap companies - L&#039;\u00c9trusque","description":"Tanaquil created L'\u00c9TRUSQUE to support companies (SMEs, ETIs, Family Businesses, etc.) in their branding and (e)-reputation challenges.","robots":{"index":"index","follow":"follow","max-snippet":"max-snippet:-1","max-image-preview":"max-image-preview:large","max-video-preview":"max-video-preview:-1"},"canonical":"https:\/\/letrusque.com\/en\/letrusque-supporting-sme-mid-cap-companies\/","og_locale":"en_US","og_type":"article","og_title":"L'\u00c9trusque supporting SME & Mid-Cap companies - L&#039;\u00c9trusque","og_description":"Tanaquil created L'\u00c9TRUSQUE to support companies (SMEs, ETIs, Family Businesses, etc.) in their branding and (e)-reputation challenges.","og_url":"https:\/\/letrusque.com\/en\/letrusque-supporting-sme-mid-cap-companies\/","og_site_name":"L&#039;\u00c9trusque","article_publisher":"https:\/\/www.facebook.com\/TanaquiLetrusque\/","article_modified_time":"2026-02-03T16:42:46+00:00","og_image":[{"width":800,"height":670,"url":"https:\/\/letrusque.com\/wp-content\/uploads\/tanaquil-papertian.jpg","type":"image\/jpeg"}],"twitter_card":"summary_large_image","twitter_site":"@Tanaquil","twitter_misc":{"Est. reading time":"2 minutes"},"schema":{"@context":"https:\/\/schema.org","@graph":[{"@type":"WebPage","@id":"https:\/\/letrusque.com\/en\/letrusque-supporting-sme-mid-cap-companies\/","url":"https:\/\/letrusque.com\/en\/letrusque-supporting-sme-mid-cap-companies\/","name":"L'\u00c9trusque supporting SME & Mid-Cap companies - L&#039;\u00c9trusque","isPartOf":{"@id":"https:\/\/letrusque.com\/en\/#website"},"primaryImageOfPage":{"@id":"https:\/\/letrusque.com\/en\/letrusque-supporting-sme-mid-cap-companies\/#primaryimage"},"image":{"@id":"https:\/\/letrusque.com\/en\/letrusque-supporting-sme-mid-cap-companies\/#primaryimage"},"thumbnailUrl":"https:\/\/letrusque.com\/wp-content\/uploads\/tanaquil-papertian.jpg","datePublished":"2023-05-24T12:12:50+00:00","dateModified":"2026-02-03T16:42:46+00:00","description":"Tanaquil created L'\u00c9TRUSQUE to support companies (SMEs, ETIs, Family Businesses, etc.) in their branding and (e)-reputation challenges.","inLanguage":"en-US","potentialAction":[{"@type":"ReadAction","target":["https:\/\/letrusque.com\/en\/letrusque-supporting-sme-mid-cap-companies\/"]}]},{"@type":"ImageObject","inLanguage":"en-US","@id":"https:\/\/letrusque.com\/en\/letrusque-supporting-sme-mid-cap-companies\/#primaryimage","url":"https:\/\/letrusque.com\/wp-content\/uploads\/tanaquil-papertian.jpg","contentUrl":"https:\/\/letrusque.com\/wp-content\/uploads\/tanaquil-papertian.jpg"},{"@type":"WebSite","@id":"https:\/\/letrusque.com\/en\/#website","url":"https:\/\/letrusque.com\/en\/","name":"L'\u00c9trusque","description":"Conseil en Communication &amp; Relations Publics","publisher":{"@id":"https:\/\/letrusque.com\/en\/#organization"},"potentialAction":[{"@type":"SearchAction","target":{"@type":"EntryPoint","urlTemplate":"https:\/\/letrusque.com\/en\/?s={search_term_string}"},"query-input":{"@type":"PropertyValueSpecification","valueRequired":true,"valueName":"search_term_string"}}],"inLanguage":"en-US"},{"@type":"Organization","@id":"https:\/\/letrusque.com\/en\/#organization","name":"L'\u00c9trusque","url":"https:\/\/letrusque.com\/en\/","logo":{"@type":"ImageObject","inLanguage":"en-US","@id":"https:\/\/letrusque.com\/en\/#\/schema\/logo\/image\/","url":"https:\/\/letrusque.com\/wp-content\/uploads\/logo-letrusque-seo.jpg","contentUrl":"https:\/\/letrusque.com\/wp-content\/uploads\/logo-letrusque-seo.jpg","width":696,"height":842,"caption":"L'\u00c9trusque"},"image":{"@id":"https:\/\/letrusque.com\/en\/#\/schema\/logo\/image\/"},"sameAs":["https:\/\/www.facebook.com\/TanaquiLetrusque\/","https:\/\/x.com\/Tanaquil","https:\/\/www.instagram.com\/tanaquil.papertian\/?hl=fr","https:\/\/www.linkedin.com\/in\/tanaquilpapertian\/","https:\/\/www.pinterest.fr\/tanaquilp\/"]}]}},"_links":{"self":[{"href":"https:\/\/letrusque.com\/en\/wp-json\/wp\/v2\/pages\/4631","targetHints":{"allow":["GET"]}}],"collection":[{"href":"https:\/\/letrusque.com\/en\/wp-json\/wp\/v2\/pages"}],"about":[{"href":"https:\/\/letrusque.com\/en\/wp-json\/wp\/v2\/types\/page"}],"author":[{"embeddable":true,"href":"https:\/\/letrusque.com\/en\/wp-json\/wp\/v2\/users\/3"}],"replies":[{"embeddable":true,"href":"https:\/\/letrusque.com\/en\/wp-json\/wp\/v2\/comments?post=4631"}],"version-history":[{"count":39,"href":"https:\/\/letrusque.com\/en\/wp-json\/wp\/v2\/pages\/4631\/revisions"}],"predecessor-version":[{"id":10553,"href":"https:\/\/letrusque.com\/en\/wp-json\/wp\/v2\/pages\/4631\/revisions\/10553"}],"wp:attachment":[{"href":"https:\/\/letrusque.com\/en\/wp-json\/wp\/v2\/media?parent=4631"}],"curies":[{"name":"wp","href":"https:\/\/api.w.org\/{rel}","templated":true}]}}